{"id":5,"date":"2023-06-05T10:20:01","date_gmt":"2023-06-05T13:20:01","guid":{"rendered":"https:\/\/radiosemear.com.br\/?page_id=5"},"modified":"2025-11-18T15:29:37","modified_gmt":"2025-11-18T18:29:37","slug":"inicio","status":"publish","type":"page","link":"https:\/\/radiosemear.com.br\/","title":{"rendered":"Inicio"},"content":{"rendered":"\t\t<div data-elementor-type=\"wp-page\" data-elementor-id=\"5\" class=\"elementor elementor-5\" data-elementor-post-type=\"page\">\n\t\t\t\t\t\t<section class=\"elementor-section elementor-top-section elementor-element elementor-element-6040e60 elementor-section-full_width elementor-section-height-default elementor-section-height-default\" data-id=\"6040e60\" data-element_type=\"section\">\n\t\t\t\t\t\t<div class=\"elementor-container elementor-column-gap-default\">\n\t\t\t\t\t<div class=\"elementor-column elementor-col-100 elementor-top-column elementor-element elementor-element-b1ecda2\" data-id=\"b1ecda2\" data-element_type=\"column\">\n\t\t\t<div class=\"elementor-widget-wrap elementor-element-populated\">\n\t\t\t\t\t\t<div class=\"elementor-element elementor-element-789dd5b elementor--h-position-center elementor--v-position-middle elementor-arrows-position-inside elementor-pagination-position-inside elementor-widget elementor-widget-slides\" data-id=\"789dd5b\" data-element_type=\"widget\" data-settings=\"{&quot;navigation&quot;:&quot;both&quot;,&quot;autoplay&quot;:&quot;yes&quot;,&quot;pause_on_hover&quot;:&quot;yes&quot;,&quot;pause_on_interaction&quot;:&quot;yes&quot;,&quot;autoplay_speed&quot;:5000,&quot;infinite&quot;:&quot;yes&quot;,&quot;transition&quot;:&quot;slide&quot;,&quot;transition_speed&quot;:500}\" data-widget_type=\"slides.default\">\n\t\t\t\t<div class=\"elementor-widget-container\">\n\t\t\t\t\t\t\t<div class=\"elementor-swiper\">\n\t\t\t<div class=\"elementor-slides-wrapper elementor-main-swiper swiper-container\" dir=\"ltr\" data-animation=\"fadeInUp\">\n\t\t\t\t<div class=\"swiper-wrapper elementor-slides\">\n\t\t\t\t\t\t\t\t\t\t<div class=\"elementor-repeater-item-1c9d80d swiper-slide\"><div class=\"swiper-slide-bg elementor-ken-burns elementor-ken-burns--in\" role=\"img\"><\/div><div class=\"swiper-slide-inner\" ><div class=\"swiper-slide-contents\"><\/div><\/div><\/div>\t\t\t\t<\/div>\n\t\t\t\t\t\t\t<\/div>\n\t\t<\/div>\n\t\t\t\t\t\t<\/div>\n\t\t\t\t<\/div>\n\t\t\t\t\t<\/div>\n\t\t<\/div>\n\t\t\t\t\t<\/div>\n\t\t<\/section>\n\t\t<div class=\"elementor-element elementor-element-8f5a2ed e-con-full e-flex e-con e-parent\" data-id=\"8f5a2ed\" data-element_type=\"container\">\n\t\t\t\t<div class=\"elementor-element elementor-element-b955de2 elementor-widget-divider--view-line elementor-widget elementor-widget-divider\" data-id=\"b955de2\" data-element_type=\"widget\" data-widget_type=\"divider.default\">\n\t\t\t\t<div class=\"elementor-widget-container\">\n\t\t\t\t\t\t\t<div class=\"elementor-divider\">\n\t\t\t<span class=\"elementor-divider-separator\">\n\t\t\t\t\t\t<\/span>\n\t\t<\/div>\n\t\t\t\t\t\t<\/div>\n\t\t\t\t<\/div>\n\t\t\t\t<div class=\"elementor-element elementor-element-5b856cc elementor-widget elementor-widget-heading\" data-id=\"5b856cc\" data-element_type=\"widget\" data-widget_type=\"heading.default\">\n\t\t\t\t<div class=\"elementor-widget-container\">\n\t\t\t\t\t<h2 class=\"elementor-heading-title elementor-size-default\">BAIXE NOSSO APLICATIVO NO SEU <\/BR>CELULAR, TABLET OU PC<\/h2>\t\t\t\t<\/div>\n\t\t\t\t<\/div>\n\t\t\t\t<\/div>\n\t\t<div class=\"elementor-element elementor-element-ebc28d1 e-flex e-con-boxed e-con e-parent\" data-id=\"ebc28d1\" data-element_type=\"container\">\n\t\t\t\t\t<div class=\"e-con-inner\">\n\t\t<div class=\"elementor-element elementor-element-04370ff e-con-full e-flex e-con e-child\" data-id=\"04370ff\" data-element_type=\"container\">\n\t\t\t\t<div class=\"elementor-element elementor-element-d57f70e elementor-widget elementor-widget-image\" data-id=\"d57f70e\" data-element_type=\"widget\" data-widget_type=\"image.default\">\n\t\t\t\t<div class=\"elementor-widget-container\">\n\t\t\t\t\t\t\t\t\t\t\t\t\t\t\t<img fetchpriority=\"high\" decoding=\"async\" width=\"512\" height=\"512\" src=\"https:\/\/radiosemear.com.br\/wp-content\/uploads\/2025\/04\/logo-semearr-512.png\" class=\"attachment-large size-large wp-image-462\" alt=\"\" srcset=\"https:\/\/radiosemear.com.br\/wp-content\/uploads\/2025\/04\/logo-semearr-512.png 512w, https:\/\/radiosemear.com.br\/wp-content\/uploads\/2025\/04\/logo-semearr-512-300x300.png 300w, https:\/\/radiosemear.com.br\/wp-content\/uploads\/2025\/04\/logo-semearr-512-150x150.png 150w\" sizes=\"(max-width: 512px) 100vw, 512px\" \/>\t\t\t\t\t\t\t\t\t\t\t\t\t\t\t<\/div>\n\t\t\t\t<\/div>\n\t\t\t\t<\/div>\n\t\t<div class=\"elementor-element elementor-element-1cd4ed8 e-con-full e-flex e-con e-child\" data-id=\"1cd4ed8\" data-element_type=\"container\">\n\t\t\t\t<div class=\"elementor-element elementor-element-6ee2029 elementor-widget elementor-widget-image\" data-id=\"6ee2029\" data-element_type=\"widget\" data-settings=\"{&quot;_animation&quot;:&quot;none&quot;}\" data-widget_type=\"image.default\">\n\t\t\t\t<div class=\"elementor-widget-container\">\n\t\t\t\t\t\t\t\t\t\t\t\t\t\t\t<img decoding=\"async\" width=\"564\" height=\"168\" src=\"https:\/\/radiosemear.com.br\/wp-content\/uploads\/2023\/07\/disponivel-no-google-play-1.png\" class=\"elementor-animation-grow attachment-full size-full wp-image-358\" alt=\"\" srcset=\"https:\/\/radiosemear.com.br\/wp-content\/uploads\/2023\/07\/disponivel-no-google-play-1.png 564w, https:\/\/radiosemear.com.br\/wp-content\/uploads\/2023\/07\/disponivel-no-google-play-1-300x89.png 300w\" sizes=\"(max-width: 564px) 100vw, 564px\" \/>\t\t\t\t\t\t\t\t\t\t\t\t\t\t\t<\/div>\n\t\t\t\t<\/div>\n\t\t\t\t<div class=\"elementor-element elementor-element-ad4157c elementor-widget elementor-widget-image\" data-id=\"ad4157c\" data-element_type=\"widget\" data-widget_type=\"image.default\">\n\t\t\t\t<div class=\"elementor-widget-container\">\n\t\t\t\t\t\t\t\t\t\t\t\t\t\t\t\t<a href=\"https:\/\/player.srvif.com\/player-app-multi-plataforma\/7600\" target=\"_blank\">\n\t\t\t\t\t\t\t<img decoding=\"async\" src=\"https:\/\/radiosemear.com.br\/wp-content\/uploads\/2023\/07\/disponivel-para-windows-e-macos.png\" title=\"disponivel-para-windows-e-macos\" alt=\"disponivel-para-windows-e-macos\" class=\"elementor-animation-grow\" loading=\"lazy\" \/>\t\t\t\t\t\t\t\t<\/a>\n\t\t\t\t\t\t\t\t\t\t\t\t\t\t\t<\/div>\n\t\t\t\t<\/div>\n\t\t\t\t<\/div>\n\t\t\t\t<div class=\"elementor-element elementor-element-db074c7 elementor-widget elementor-widget-html\" data-id=\"db074c7\" data-element_type=\"widget\" data-widget_type=\"html.default\">\n\t\t\t\t<div class=\"elementor-widget-container\">\n\t\t\t\t\t<a href=\"https:\/\/radiosnet.com\" target=\"_blank\"> <img decoding=\"async\" src=\"https:\/\/img.radios.com.br\/divulgue\/app-radiosnet-300x250-a.jpg\" alt=\"Ou\u00e7a r\u00e1dios online no seu celular ou tablet. Dispon\u00edvel para Android e iOS.\" width=\"300\" height=\"250\" border=\"0\"> <\/a>\t\t\t\t<\/div>\n\t\t\t\t<\/div>\n\t\t\t\t\t<\/div>\n\t\t\t\t<\/div>\n\t\t<div class=\"elementor-element elementor-element-eba1463 e-con-full e-flex e-con e-parent\" data-id=\"eba1463\" data-element_type=\"container\">\n\t\t\t\t<div class=\"elementor-element elementor-element-81613e3 elementor-widget-divider--view-line elementor-widget elementor-widget-divider\" data-id=\"81613e3\" data-element_type=\"widget\" data-widget_type=\"divider.default\">\n\t\t\t\t<div class=\"elementor-widget-container\">\n\t\t\t\t\t\t\t<div class=\"elementor-divider\">\n\t\t\t<span class=\"elementor-divider-separator\">\n\t\t\t\t\t\t<\/span>\n\t\t<\/div>\n\t\t\t\t\t\t<\/div>\n\t\t\t\t<\/div>\n\t\t\t\t<\/div>\n\t\t<div class=\"elementor-element elementor-element-f9d39cf e-flex e-con-boxed e-con e-parent\" data-id=\"f9d39cf\" data-element_type=\"container\">\n\t\t\t\t\t<div class=\"e-con-inner\">\n\t\t\t\t\t<\/div>\n\t\t\t\t<\/div>\n\t\t\t\t<\/div>\n\t\t","protected":false},"excerpt":{"rendered":"<p>BAIXE NOSSO APLICATIVO NO SEU CELULAR, TABLET OU PC<\/p>\n","protected":false},"author":1,"featured_media":0,"parent":0,"menu_order":0,"comment_status":"closed","ping_status":"closed","template":"","meta":{"footnotes":""},"class_list":["post-5","page","type-page","status-publish","hentry"],"_links":{"self":[{"href":"https:\/\/radiosemear.com.br\/index.php?rest_route=\/wp\/v2\/pages\/5","targetHints":{"allow":["GET"]}}],"collection":[{"href":"https:\/\/radiosemear.com.br\/index.php?rest_route=\/wp\/v2\/pages"}],"about":[{"href":"https:\/\/radiosemear.com.br\/index.php?rest_route=\/wp\/v2\/types\/page"}],"author":[{"embeddable":true,"href":"https:\/\/radiosemear.com.br\/index.php?rest_route=\/wp\/v2\/users\/1"}],"replies":[{"embeddable":true,"href":"https:\/\/radiosemear.com.br\/index.php?rest_route=%2Fwp%2Fv2%2Fcomments&post=5"}],"version-history":[{"count":185,"href":"https:\/\/radiosemear.com.br\/index.php?rest_route=\/wp\/v2\/pages\/5\/revisions"}],"predecessor-version":[{"id":479,"href":"https:\/\/radiosemear.com.br\/index.php?rest_route=\/wp\/v2\/pages\/5\/revisions\/479"}],"wp:attachment":[{"href":"https:\/\/radiosemear.com.br\/index.php?rest_route=%2Fwp%2Fv2%2Fmedia&parent=5"}],"curies":[{"name":"wp","href":"https:\/\/api.w.org\/{rel}","templated":true}]}}